{"id":4585,"date":"2025-02-05T16:59:11","date_gmt":"2025-02-05T19:59:11","guid":{"rendered":"https:\/\/summithouse.com.br\/?page_id=4585"},"modified":"2025-02-09T19:20:58","modified_gmt":"2025-02-09T22:20:58","slug":"link","status":"publish","type":"page","link":"https:\/\/www.palomaalbuquerque.com.br\/","title":{"rendered":"Link Bio"},"content":{"rendered":"\t\t<div data-elementor-type=\"wp-page\" data-elementor-id=\"4585\" class=\"elementor elementor-4585\">\n\t\t\t\t<div class=\"elementor-element elementor-element-3f43f1fa e-con-full e-flex e-con e-parent\" data-id=\"3f43f1fa\" data-element_type=\"container\" data-settings=\"{&quot;background_background&quot;:&quot;classic&quot;}\">\n\t\t\t\t<div class=\"elementor-element elementor-element-537a8d elementor-widget elementor-widget-image\" data-id=\"537a8d\" data-element_type=\"widget\" data-widget_type=\"image.default\">\n\t\t\t\t<div class=\"elementor-widget-container\">\n\t\t\t\t\t\t\t\t\t\t\t\t\t\t\t<img decoding=\"async\" src=\"https:\/\/summithouse.com.br\/wp-content\/uploads\/2025\/02\/image-107.png\" title=\"\" alt=\"\" loading=\"lazy\" \/>\t\t\t\t\t\t\t\t\t\t\t\t\t\t\t<\/div>\n\t\t\t\t<\/div>\n\t\t\t\t<div class=\"elementor-element elementor-element-c31f64a elementor-widget elementor-widget-text-editor\" data-id=\"c31f64a\" data-element_type=\"widget\" data-widget_type=\"text-editor.default\">\n\t\t\t\t<div class=\"elementor-widget-container\">\n\t\t\t\t\t\t\t\t\t<p>Paloma Albuquerque traz uma hist\u00f3ria inspiradora: saiu do Nordeste, cursou advocacia, mas decidiu se tornar corretora de im\u00f3veis por acreditar que essa profiss\u00e3o a levaria ao topo!<br \/><br \/>E a levou mesmo, hoje a corretora conhecida como a rainha do im\u00f3veis compartilha t\u00e1ticas infal\u00edveis para corretores aumentarem suas vendas e se posicionarem como verdadeiros fechadores de neg\u00f3cios. \ud83d\udc51<\/p>\t\t\t\t\t\t\t\t<\/div>\n\t\t\t\t<\/div>\n\t\t\t\t<div class=\"elementor-element elementor-element-6b3a68b0 elementor-widget elementor-widget-image\" data-id=\"6b3a68b0\" data-element_type=\"widget\" data-widget_type=\"image.default\">\n\t\t\t\t<div class=\"elementor-widget-container\">\n\t\t\t\t\t\t\t\t\t\t\t\t\t\t\t\t<a href=\"https:\/\/wa.me\/551131643065?text=Agradecemos%20seu%20contato%20e%20logo%20retornaremos.\">\n\t\t\t\t\t\t\t<img decoding=\"async\" src=\"https:\/\/summithouse.com.br\/wp-content\/uploads\/2025\/02\/image-106.png\" title=\"\" alt=\"\" loading=\"lazy\" \/>\t\t\t\t\t\t\t\t<\/a>\n\t\t\t\t\t\t\t\t\t\t\t\t\t\t\t<\/div>\n\t\t\t\t<\/div>\n\t\t\t\t<div class=\"elementor-element elementor-element-2ac4a78e elementor-widget elementor-widget-image\" data-id=\"2ac4a78e\" data-element_type=\"widget\" data-widget_type=\"image.default\">\n\t\t\t\t<div class=\"elementor-widget-container\">\n\t\t\t\t\t\t\t\t\t\t\t\t\t\t\t\t<a href=\"https:\/\/wa.me\/551131643065?text=Agradecemos%20seu%20contato%20e%20logo%20retornaremos.\">\n\t\t\t\t\t\t\t<img decoding=\"async\" src=\"https:\/\/summithouse.com.br\/wp-content\/uploads\/2025\/02\/image-26.png\" title=\"\" alt=\"\" loading=\"lazy\" \/>\t\t\t\t\t\t\t\t<\/a>\n\t\t\t\t\t\t\t\t\t\t\t\t\t\t\t<\/div>\n\t\t\t\t<\/div>\n\t\t\t\t<div class=\"elementor-element elementor-element-7202c44 elementor-widget elementor-widget-image\" data-id=\"7202c44\" data-element_type=\"widget\" data-widget_type=\"image.default\">\n\t\t\t\t<div class=\"elementor-widget-container\">\n\t\t\t\t\t\t\t\t\t\t\t\t\t\t\t\t<a href=\"https:\/\/forms.gle\/x9oEbPpuP35pH94i9\">\n\t\t\t\t\t\t\t<img decoding=\"async\" src=\"https:\/\/summithouse.com.br\/wp-content\/uploads\/2025\/02\/image-108.png\" title=\"\" alt=\"\" loading=\"lazy\" \/>\t\t\t\t\t\t\t\t<\/a>\n\t\t\t\t\t\t\t\t\t\t\t\t\t\t\t<\/div>\n\t\t\t\t<\/div>\n\t\t\t\t<div class=\"elementor-element elementor-element-2436a0c elementor-widget elementor-widget-image\" data-id=\"2436a0c\" data-element_type=\"widget\" data-widget_type=\"image.default\">\n\t\t\t\t<div class=\"elementor-widget-container\">\n\t\t\t\t\t\t\t\t\t\t\t\t\t\t\t\t<a href=\"https:\/\/www.instagram.com\/palomaalbuquerqueoficial\/\">\n\t\t\t\t\t\t\t<img decoding=\"async\" src=\"https:\/\/summithouse.com.br\/wp-content\/uploads\/2025\/02\/image-108.png\" title=\"\" alt=\"\" loading=\"lazy\" \/>\t\t\t\t\t\t\t\t<\/a>\n\t\t\t\t\t\t\t\t\t\t\t\t\t\t\t<\/div>\n\t\t\t\t<\/div>\n\t\t\t\t<div class=\"elementor-element elementor-element-a6b4469 elementor-widget elementor-widget-heading\" data-id=\"a6b4469\" data-element_type=\"widget\" data-widget_type=\"heading.default\">\n\t\t\t\t<div class=\"elementor-widget-container\">\n\t\t\t\t\t<h2 class=\"elementor-heading-title elementor-size-default\">BERAB INVESTIMENTOS IMOBILIARIOS LTDA<\/h2>\t\t\t\t<\/div>\n\t\t\t\t<\/div>\n\t\t\t\t<div class=\"elementor-element elementor-element-8ed4615 elementor-widget elementor-widget-heading\" data-id=\"8ed4615\" data-element_type=\"widget\" data-widget_type=\"heading.default\">\n\t\t\t\t<div class=\"elementor-widget-container\">\n\t\t\t\t\t<h2 class=\"elementor-heading-title elementor-size-default\">40.311.684\/0001-67<\/h2>\t\t\t\t<\/div>\n\t\t\t\t<\/div>\n\t\t\t\t<\/div>\n\t\t\t\t<\/div>\n\t\t","protected":false},"excerpt":{"rendered":"<p>Paloma Albuquerque traz uma hist\u00f3ria inspiradora: saiu do Nordeste, cursou advocacia, mas decidiu se tornar corretora de im\u00f3veis por acreditar que essa profiss\u00e3o a levaria ao topo! E a levou mesmo, hoje a corretora conhecida como a rainha do im\u00f3veis compartilha t\u00e1ticas infal\u00edveis para corretores aumentarem suas vendas e se posicionarem como verdadeiros fechadores de [&hellip;]<\/p>\n","protected":false},"author":1,"featured_media":0,"parent":0,"menu_order":0,"comment_status":"closed","ping_status":"closed","template":"elementor_canvas","meta":{"footnotes":""},"class_list":["post-4585","page","type-page","status-publish","hentry"],"_links":{"self":[{"href":"https:\/\/www.palomaalbuquerque.com.br\/index.php\/wp-json\/wp\/v2\/pages\/4585","targetHints":{"allow":["GET"]}}],"collection":[{"href":"https:\/\/www.palomaalbuquerque.com.br\/index.php\/wp-json\/wp\/v2\/pages"}],"about":[{"href":"https:\/\/www.palomaalbuquerque.com.br\/index.php\/wp-json\/wp\/v2\/types\/page"}],"author":[{"embeddable":true,"href":"https:\/\/www.palomaalbuquerque.com.br\/index.php\/wp-json\/wp\/v2\/users\/1"}],"replies":[{"embeddable":true,"href":"https:\/\/www.palomaalbuquerque.com.br\/index.php\/wp-json\/wp\/v2\/comments?post=4585"}],"version-history":[{"count":28,"href":"https:\/\/www.palomaalbuquerque.com.br\/index.php\/wp-json\/wp\/v2\/pages\/4585\/revisions"}],"predecessor-version":[{"id":4621,"href":"https:\/\/www.palomaalbuquerque.com.br\/index.php\/wp-json\/wp\/v2\/pages\/4585\/revisions\/4621"}],"wp:attachment":[{"href":"https:\/\/www.palomaalbuquerque.com.br\/index.php\/wp-json\/wp\/v2\/media?parent=4585"}],"curies":[{"name":"wp","href":"https:\/\/api.w.org\/{rel}","templated":true}]}}